{"id":162,"date":"2018-09-18T11:08:59","date_gmt":"2018-09-18T11:08:59","guid":{"rendered":"https:\/\/demo.themegrill.com\/zakra-spa\/?page_id=162"},"modified":"2025-12-22T17:29:13","modified_gmt":"2025-12-22T16:29:13","slug":"contact","status":"publish","type":"page","link":"https:\/\/sages-femmes-allonzier.fr\/?page_id=162","title":{"rendered":"Contact"},"content":{"rendered":"\t\t<div data-elementor-type=\"wp-post\" data-elementor-id=\"162\" class=\"elementor elementor-162\">\n\t\t\t\t\t\t<section class=\"elementor-section elementor-top-section elementor-element elementor-element-acd38d5 elementor-section-boxed elementor-section-height-default elementor-section-height-default\" data-id=\"acd38d5\" data-element_type=\"section\">\n\t\t\t\t\t\t<div class=\"elementor-container elementor-column-gap-default\">\n\t\t\t\t\t<div class=\"elementor-column elementor-col-100 elementor-top-column elementor-element elementor-element-58fabb6\" data-id=\"58fabb6\" data-element_type=\"column\">\n\t\t\t<div class=\"elementor-widget-wrap\">\n\t\t\t\t\t\t\t<\/div>\n\t\t<\/div>\n\t\t\t\t\t<\/div>\n\t\t<\/section>\n\t\t\t\t<section class=\"elementor-section elementor-top-section elementor-element elementor-element-e452af8 elementor-section-boxed elementor-section-height-default elementor-section-height-default\" data-id=\"e452af8\" data-element_type=\"section\">\n\t\t\t\t\t\t<div class=\"elementor-container elementor-column-gap-default\">\n\t\t\t\t\t<div class=\"elementor-column elementor-col-50 elementor-top-column elementor-element elementor-element-8c0a242\" data-id=\"8c0a242\" data-element_type=\"column\">\n\t\t\t<div class=\"elementor-widget-wrap elementor-element-populated\">\n\t\t\t\t\t\t<div class=\"elementor-element elementor-element-9079e69 elementor-widget elementor-widget-text-editor\" data-id=\"9079e69\" data-element_type=\"widget\" data-widget_type=\"text-editor.default\">\n\t\t\t\t<div class=\"elementor-widget-container\">\n\t\t\t\t\t\t\t\t\t<p>\u00a0<\/p><h2><b style=\"font-size: 2.25rem;\">Cabinet Sages-Femmes Allonzier<\/b><\/h2><p>Situ\u00e9 \u00e0 l&rsquo;entr\u00e9e d&rsquo;Allonzier-La-Caille,\u00a0entre Annecy et Gen\u00e8ve.<\/p><p>165, avenue des Marais<br \/>74 350 &#8211; Allonzier La Caille<\/p><p>Rendez-vous sur DoctoLib<\/p><p>Email: <a href=\"mailto:cabinet@sages-femmes-allonzier.fr\">cabinet@sages-femmes-allonzier.fr<\/a><\/p>\t\t\t\t\t\t\t\t<\/div>\n\t\t\t\t<\/div>\n\t\t\t\t\t<\/div>\n\t\t<\/div>\n\t\t\t\t<div class=\"elementor-column elementor-col-50 elementor-top-column elementor-element elementor-element-b30313b\" data-id=\"b30313b\" data-element_type=\"column\">\n\t\t\t<div class=\"elementor-widget-wrap elementor-element-populated\">\n\t\t\t\t\t\t<div class=\"elementor-element elementor-element-5180f2d elementor-widget elementor-widget-google_maps\" data-id=\"5180f2d\" data-element_type=\"widget\" data-widget_type=\"google_maps.default\">\n\t\t\t\t<div class=\"elementor-widget-container\">\n\t\t\t\t\t\t\t<div class=\"elementor-custom-embed\">\n\t\t\t<iframe loading=\"lazy\"\n\t\t\t\t\tsrc=\"https:\/\/maps.google.com\/maps?q=165%20avenue%20des%20marais%2C%20allonzier%20la%20caille&#038;t=m&#038;z=13&#038;output=embed&#038;iwloc=near\"\n\t\t\t\t\ttitle=\"165 avenue des marais, allonzier la caille\"\n\t\t\t\t\taria-label=\"165 avenue des marais, allonzier la caille\"\n\t\t\t><\/iframe>\n\t\t<\/div>\n\t\t\t\t\t\t<\/div>\n\t\t\t\t<\/div>\n\t\t\t\t\t<\/div>\n\t\t<\/div>\n\t\t\t\t\t<\/div>\n\t\t<\/section>\n\t\t\t\t<\/div>\n\t\t","protected":false},"excerpt":{"rendered":"<p>\u00a0 Cabinet Sages-Femmes Allonzier Situ\u00e9 \u00e0 l&rsquo;entr\u00e9e d&rsquo;Allonzier-La-Caille,\u00a0entre Annecy et Gen\u00e8ve. 165, avenue des Marais74 350 &#8211; Allonzier La Caille Rendez-vous sur DoctoLib Email: cabinet@sages-femmes-allonzier.fr<\/p>\n","protected":false},"author":1,"featured_media":0,"parent":0,"menu_order":0,"comment_status":"closed","ping_status":"closed","template":"elementor_header_footer","meta":{"_monsterinsights_skip_tracking":false,"_monsterinsights_sitenote_active":false,"_monsterinsights_sitenote_note":"","_monsterinsights_sitenote_category":0,"footnotes":""},"class_list":["post-162","page","type-page","status-publish","hentry"],"_links":{"self":[{"href":"https:\/\/sages-femmes-allonzier.fr\/index.php?rest_route=\/wp\/v2\/pages\/162","targetHints":{"allow":["GET"]}}],"collection":[{"href":"https:\/\/sages-femmes-allonzier.fr\/index.php?rest_route=\/wp\/v2\/pages"}],"about":[{"href":"https:\/\/sages-femmes-allonzier.fr\/index.php?rest_route=\/wp\/v2\/types\/page"}],"author":[{"embeddable":true,"href":"https:\/\/sages-femmes-allonzier.fr\/index.php?rest_route=\/wp\/v2\/users\/1"}],"replies":[{"embeddable":true,"href":"https:\/\/sages-femmes-allonzier.fr\/index.php?rest_route=%2Fwp%2Fv2%2Fcomments&post=162"}],"version-history":[{"count":10,"href":"https:\/\/sages-femmes-allonzier.fr\/index.php?rest_route=\/wp\/v2\/pages\/162\/revisions"}],"predecessor-version":[{"id":796,"href":"https:\/\/sages-femmes-allonzier.fr\/index.php?rest_route=\/wp\/v2\/pages\/162\/revisions\/796"}],"wp:attachment":[{"href":"https:\/\/sages-femmes-allonzier.fr\/index.php?rest_route=%2Fwp%2Fv2%2Fmedia&parent=162"}],"curies":[{"name":"wp","href":"https:\/\/api.w.org\/{rel}","templated":true}]}}